{"id":87,"date":"2025-03-18T12:29:45","date_gmt":"2025-03-18T12:29:45","guid":{"rendered":"https:\/\/elementor.test-wp.keepgo.com\/index.php\/privacy-policy-2\/"},"modified":"2025-07-08T11:59:19","modified_gmt":"2025-07-08T11:59:19","slug":"privacy-policy-2","status":"publish","type":"page","link":"https:\/\/zimplee.com\/de\/privacy-policy-2\/","title":{"rendered":"Datenschutzrichtlinie"},"content":{"rendered":"<div data-elementor-type=\"wp-page\" data-elementor-id=\"87\" class=\"elementor elementor-87\" data-elementor-post-type=\"page\">\n\t\t\t\t<div class=\"elementor-element elementor-element-77a0037f e-flex e-con-boxed e-con e-parent\" data-id=\"77a0037f\" data-element_type=\"container\">\n\t\t\t\t\t<div class=\"e-con-inner\">\n\t\t\t\t<div class=\"elementor-element elementor-element-2991adfe elementor-widget elementor-widget-heading\" data-id=\"2991adfe\" data-element_type=\"widget\" data-widget_type=\"heading.default\">\n\t\t\t\t<div class=\"elementor-widget-container\">\n\t\t\t\t\t<h2 class=\"elementor-heading-title elementor-size-default\">Datenschutzrichtlinie\n<\/h2>\t\t\t\t<\/div>\n\t\t\t\t<\/div>\n\t\t\t\t<div class=\"elementor-element elementor-element-59249d87 elementor-widget elementor-widget-text-editor\" data-id=\"59249d87\" data-element_type=\"widget\" data-widget_type=\"text-editor.default\">\n\t\t\t\t<div class=\"elementor-widget-container\">\n\t\t\t\t\t\t\t\t\t<p>Diese Datenschutzrichtlinie beschreibt, wie wir die von Ihnen bei der Nutzung unserer Website bereitgestellten personenbezogenen Daten erfassen, verwenden und sch\u00fctzen.<\/p><p><b>1. Von uns erfasste Informationen <\/b>Wir k\u00f6nnen die folgenden Arten personenbezogener Daten von Ihnen erfassen:<\/p><ul><li><i>Pers\u00f6nliche Identifikationsinformationen:<\/i> Dazu k\u00f6nnen Ihr Name und Ihre E-Mail-Adresse geh\u00f6ren, wenn Sie ein Konto erstellen oder unseren Newsletter abonnieren.<\/li><li style=\"font-weight: 400;\" aria-level=\"1\"><i>Informationen zum Zahlungsinstrument:<\/i> Alle Zahlungstransaktionen werden \u00fcber einen Gateway-Anbieter abgewickelt und nicht auf unserer Website gespeichert oder verarbeitet.<br \/>Server.<\/li><li style=\"font-weight: 400;\" aria-level=\"1\"><i>Sensible Informationen:<\/i> Wir verarbeiten keine sensiblen Informationen. <b><\/b><\/li><\/ul><p><b>2. Wann erfassen wir Ihre Daten? <\/b>Wir erfassen Informationen von Ihnen, wenn Sie sich auf unserer Site registrieren, eine Bestellung aufgeben, einen Newsletter abonnieren, ein Formular ausf\u00fcllen oder Informationen auf unserer Site eingeben.<\/p><p><b>3. Wie verwenden wir Ihre Daten? <\/b>Wir k\u00f6nnen Ihre personenbezogenen Daten f\u00fcr folgende Zwecke verwenden:<\/p><ul><li>Zur Bereitstellung und Aufrechterhaltung unserer Dienste.<\/li><li style=\"font-weight: 400;\" aria-level=\"1\">Zur Abwicklung Ihrer Bestellungen und Zahlungen.<\/li><li style=\"font-weight: 400;\" aria-level=\"1\">Um Ihnen Updates, Newsletter und Marketingmitteilungen zu senden.<\/li><\/ul><p><b>4. Offenlegung Ihrer Daten <\/b>Wir behalten uns das Recht vor, Ihre personenbezogenen Daten unter folgenden Umst\u00e4nden an Dritte weiterzugeben:<\/p><ul><li style=\"font-weight: 400;\" aria-level=\"1\">Mit Dienstleistern, die uns beim Betrieb der Website, der Zahlungsabwicklung oder beim Marketing unterst\u00fctzen.<\/li><li style=\"font-weight: 400;\" aria-level=\"1\">Zur Einhaltung geltender gesetzlicher Verpflichtungen oder zum Schutz unserer Rechte, Privatsph\u00e4re, Sicherheit oder Verm\u00f6genswerte.<\/li><\/ul><p><b>5. Einhaltung der Europ\u00e4ischen Datenschutz-Grundverordnung (DSGVO) <\/b><\/p><ul><li>Das Recht auf Zugriff. Sie haben das Recht, von Zimplee Kopien Ihrer personenbezogenen Daten anzufordern.<\/li><li>Das Recht auf L\u00f6schung. Sie haben das Recht, unter bestimmten Bedingungen die L\u00f6schung Ihrer personenbezogenen Daten durch Zimplee zu verlangen.<\/li><li>Das Recht auf Einschr\u00e4nkung der Verarbeitung. Sie haben das Recht, unter bestimmten Bedingungen von Zimplee die Einschr\u00e4nkung der Verarbeitung Ihrer personenbezogenen Daten zu verlangen.<\/li><li>Das Widerspruchsrecht. Sie haben unter bestimmten Bedingungen das Recht, der Verarbeitung Ihrer personenbezogenen Daten durch Zimplee zu widersprechen.<\/li><li>Wenn Sie eines dieser Rechte aus\u00fcben m\u00f6chten, kontaktieren Sie uns bitte per E-Mail.<\/li><\/ul><p><b>6. Einhaltung des California Online Privacy Protection Act<\/b><\/p><p><b> <\/b> CalOPPA ist das erste staatliche Gesetz der USA, das kommerzielle Websites und Online-Dienste zur Ver\u00f6ffentlichung einer Datenschutzrichtlinie verpflichtet. Die Reichweite des Gesetzes geht weit \u00fcber Kalifornien hinaus und verpflichtet Personen oder Unternehmen in den USA (und m\u00f6glicherweise weltweit), die Websites betreiben, die personenbezogene Daten von kalifornischen Verbrauchern sammeln, dazu, eine deutlich sichtbare Datenschutzrichtlinie auf ihrer Website zu ver\u00f6ffentlichen, in der genau angegeben ist, welche Informationen gesammelt und an wen sie weitergegeben werden, und diese Richtlinie einzuhalten. \u2013 Weitere Informationen finden Sie unter:<br \/><a href=\"http:\/\/consumercal.org\/california-online-privacy-protection-act-caloppa\/#sthash.0FdRbT51.dpuf\" target=\"_blank\" rel=\"noopener\">http:\/\/consumercal.org\/california-online-privacy-protection-act-caloppa\/#sthash.0FdRbT51.dpuf<\/a><br \/><i>Gem\u00e4\u00df CalOPPA stimmen wir Folgendem zu:<\/i><\/p><ul><li>Benutzer k\u00f6nnen unsere Site anonym besuchen.<\/li><li>Benutzer werden \u00fcber alle \u00c4nderungen der Datenschutzrichtlinien auf unserer Datenschutzrichtlinienseite benachrichtigt.<\/li><li>Benutzer k\u00f6nnen ihre pers\u00f6nlichen Daten \u00e4ndern:<ul><li>indem Sie uns eine E-Mail senden;<\/li><li>indem Sie mit unseren Kundendienstmitarbeitern chatten.<\/li><\/ul><\/li><\/ul><p><b>7. Ihre Wahlm\u00f6glichkeiten <\/b><\/p><p>Sie k\u00f6nnen den Erhalt von Marketing-Mitteilungen von uns abbestellen, indem Sie den Anweisungen zum Abbestellen in unseren E-Mails folgen. Sie k\u00f6nnen auf Ihre pers\u00f6nlichen Daten zugreifen und diese aktualisieren, indem Sie sich in Ihr Konto einloggen.<\/p><p><b>8. Datensicherheit <\/b><\/p><p>Zimplee ergreift angemessene Ma\u00dfnahmen, um Ihre personenbezogenen Daten vor unbefugtem Zugriff, Offenlegung oder Ver\u00e4nderung zu sch\u00fctzen. Trotz unserer Sicherheitsvorkehrungen und Bem\u00fchungen zum Schutz Ihrer Daten kann jedoch keine elektronische \u00dcbertragung \u00fcber das Internet oder die Datenspeichertechnologie als hundertprozentig sicher garantiert werden. Daher k\u00f6nnen wir nicht versprechen oder garantieren, dass Hacker, Cyberkriminelle oder andere unbefugte Dritte unsere Sicherheitsvorkehrungen nicht \u00fcberwinden und Ihre Daten unrechtm\u00e4\u00dfig sammeln, darauf zugreifen, sie stehlen oder ver\u00e4ndern k\u00f6nnen. Obwohl wir uns bem\u00fchen, Ihre personenbezogenen Daten zu sch\u00fctzen, erfolgt die \u00dcbertragung personenbezogener Daten zu und von unseren Diensten auf Ihr eigenes Risiko.<\/p><p><b>9. Cookies und Tracking-Technologien <\/b><\/p><p>Wir verwenden Cookies und \u00e4hnliche Tracking-Technologien, um Daten \u00fcber Ihre Nutzung unserer Website zu sammeln. Sie k\u00f6nnen Ihre Browsereinstellungen anpassen, um Cookies abzulehnen.<\/p><p><b>10. Datenschutz f\u00fcr Kinder <\/b><\/p><p>Unsere Website ist nicht f\u00fcr Personen unter 18 Jahren bestimmt. Wir erfassen wissentlich keine personenbezogenen Daten von Kindern unter 18 Jahren. Durch die Nutzung unserer Dienste erkl\u00e4ren Sie, dass Sie mindestens 18 Jahre alt sind oder ein Elternteil oder Erziehungsberechtigter eines solchen Kindes oder Minderj\u00e4hrigen sind.<br \/><b><\/b><\/p><p><b>11. \u00c4nderungen dieser Datenschutzrichtlinie <\/b><\/p><p>Wir behalten uns das Recht vor, diese Datenschutzrichtlinie von Zeit zu Zeit zu aktualisieren. Alle \u00c4nderungen werden auf dieser Seite ver\u00f6ffentlicht. Sollten wir wesentliche \u00c4nderungen an dieser Datenschutzrichtlinie vornehmen, informieren wir Sie dar\u00fcber entweder durch einen deutlich sichtbaren Hinweis oder durch eine direkte Benachrichtigung. Wir empfehlen Ihnen, diese Datenschutzrichtlinie regelm\u00e4\u00dfig zu lesen, um \u00fcber unseren Datenschutz informiert zu sein.<\/p><p><b>12. Kontakt <\/b><\/p><p>Wenn Sie Fragen zu dieser Datenschutzrichtlinie haben, kontaktieren Sie uns bitte per E-Mail.<\/p><p>Letzte \u00c4nderung: 13.05.2025<\/p>\t\t\t\t\t\t\t\t<\/div>\n\t\t\t\t<\/div>\n\t\t\t\t\t<\/div>\n\t\t\t\t<\/div>\n\t\t\t\t<\/div>","protected":false},"excerpt":{"rendered":"<p>Privacy Policy This Privacy Policy outlines how we collect, use, and protect the personal information provided by you when using our website. 1. Information We Collect We may collect the following types of personal information from you: Personal Identification Information: This may include your name and email address when you create an account or subscribe [&hellip;]<\/p>","protected":false},"author":1,"featured_media":0,"parent":0,"menu_order":0,"comment_status":"closed","ping_status":"closed","template":"","meta":{"om_disable_all_campaigns":false,"_monsterinsights_skip_tracking":false,"_monsterinsights_sitenote_active":false,"_monsterinsights_sitenote_note":"","_monsterinsights_sitenote_category":0,"footnotes":""},"class_list":["post-87","page","type-page","status-publish","hentry"],"aioseo_notices":[],"_links":{"self":[{"href":"https:\/\/zimplee.com\/de\/wp-json\/wp\/v2\/pages\/87","targetHints":{"allow":["GET"]}}],"collection":[{"href":"https:\/\/zimplee.com\/de\/wp-json\/wp\/v2\/pages"}],"about":[{"href":"https:\/\/zimplee.com\/de\/wp-json\/wp\/v2\/types\/page"}],"author":[{"embeddable":true,"href":"https:\/\/zimplee.com\/de\/wp-json\/wp\/v2\/users\/1"}],"replies":[{"embeddable":true,"href":"https:\/\/zimplee.com\/de\/wp-json\/wp\/v2\/comments?post=87"}],"version-history":[{"count":22,"href":"https:\/\/zimplee.com\/de\/wp-json\/wp\/v2\/pages\/87\/revisions"}],"predecessor-version":[{"id":852,"href":"https:\/\/zimplee.com\/de\/wp-json\/wp\/v2\/pages\/87\/revisions\/852"}],"wp:attachment":[{"href":"https:\/\/zimplee.com\/de\/wp-json\/wp\/v2\/media?parent=87"}],"curies":[{"name":"wp","href":"https:\/\/api.w.org\/{rel}","templated":true}]}}