{"id":84,"date":"2025-03-18T12:29:45","date_gmt":"2025-03-18T12:29:45","guid":{"rendered":"https:\/\/elementor.test-wp.keepgo.com\/index.php\/terms-and-conditions\/"},"modified":"2025-07-08T11:56:41","modified_gmt":"2025-07-08T11:56:41","slug":"terms-and-conditions","status":"publish","type":"page","link":"https:\/\/zimplee.com\/de\/terms-and-conditions\/","title":{"rendered":"Gesch\u00e4ftsbedingungen"},"content":{"rendered":"<div data-elementor-type=\"wp-page\" data-elementor-id=\"84\" class=\"elementor elementor-84\" data-elementor-post-type=\"page\">\n\t\t\t\t<div class=\"elementor-element elementor-element-2374a4ad e-flex e-con-boxed e-con e-parent\" data-id=\"2374a4ad\" data-element_type=\"container\">\n\t\t\t\t\t<div class=\"e-con-inner\">\n\t\t\t\t<div class=\"elementor-element elementor-element-191ac5b6 elementor-widget elementor-widget-heading\" data-id=\"191ac5b6\" data-element_type=\"widget\" data-widget_type=\"heading.default\">\n\t\t\t\t<div class=\"elementor-widget-container\">\n\t\t\t\t\t<h2 class=\"elementor-heading-title elementor-size-default\">Gesch\u00e4ftsbedingungen<\/h2>\t\t\t\t<\/div>\n\t\t\t\t<\/div>\n\t\t\t\t<div class=\"elementor-element elementor-element-76f76635 elementor-widget elementor-widget-text-editor\" data-id=\"76f76635\" data-element_type=\"widget\" data-widget_type=\"text-editor.default\">\n\t\t\t\t<div class=\"elementor-widget-container\">\n\t\t\t\t\t\t\t\t\t<p><b>1. G\u00dcLTIGKEIT DER ALLGEMEINEN GESCH\u00c4FTSBEDINGUNGEN<\/b><\/p><p><b>1.1. Bedingungen<\/b><\/p><p>1.1.1. Die Zimplee-Website wird von zimplee.com verwaltet und betrieben, wobei die Konnektivit\u00e4tsdienste von derselben Stelle bereitgestellt werden.<\/p><p>1.1.2. Diese Gesch\u00e4ftsbedingungen in ihrer jeweils g\u00fcltigen Fassung gelten f\u00fcr alle von Zimplee erbrachten Dienstleistungen im Zusammenhang mit der Bereitstellung von Prepaid-eSIM-Profilen f\u00fcr Kunden.<br \/>Indem Sie auf unsere Website oder eine unserer Anwendungen \u00fcber eine beliebige Plattform (nachfolgend zusammenfassend als \u201eWebsite\u201c bezeichnet) zugreifen, diese durchsuchen und verwenden und\/oder eine Bestellung abschlie\u00dfen, best\u00e4tigen Sie, dass Sie die unten aufgef\u00fchrten Gesch\u00e4ftsbedingungen und die Datenschutzerkl\u00e4rung gelesen und verstanden haben und ihnen zustimmen.<\/p><p>1.1.3. Sonderangebote verschiedener Gesch\u00e4ftspartner k\u00f6nnen zus\u00e4tzliche oder abweichende Bedingungen enthalten. In solchen F\u00e4llen gelten die jeweiligen Sonderbedingungen.<\/p><p><b>1.2. Registrierung und Konten<\/b><\/p><p>1.2.1. Der Kunde muss m\u00f6glicherweise ein Konto erstellen, um die Dienste von Zimplee nutzen zu k\u00f6nnen. Der Kunde verpflichtet sich, bei der Registrierung korrekte Angaben zu machen.<\/p><p>1.2.2. Kunden sind f\u00fcr die Wahrung der Vertraulichkeit ihrer Kontoinformationen und aller Aktivit\u00e4ten verantwortlich, die \u00fcber ihr Konto stattfinden.<\/p><p><b>1.3. Datenschutz<\/b><\/p><p>1.3.1. Unsere Datenschutzrichtlinie regelt die Erhebung und Verwendung personenbezogener Daten des Kunden. Durch die Nutzung unserer Dienste erkl\u00e4rt sich der Kunde mit unserer Datenschutzrichtlinie einverstanden.<\/p><p><b>1.4. K\u00fcndigung und Aussetzung<\/b><\/p><p>1.4.1. Zimplee beh\u00e4lt sich das Recht vor, den Zugriff auf die Dienste jederzeit ohne Vorank\u00fcndigung auszusetzen oder zu beenden, wenn ein Ereignis eintritt, das auf einen Netzwerkausfall oder die Einstellung der Wartungsleistungen zur\u00fcckzuf\u00fchren ist.<\/p><p>1.4.2. Bei der Nutzung der von Zimplee bereitgestellten Dienste darf der Kunde keine missbr\u00e4uchlichen, illegalen oder betr\u00fcgerischen Handlungen vornehmen oder Handlungen vornehmen, die das Netzwerk beeintr\u00e4chtigen oder besch\u00e4digen k\u00f6nnten. Bei Versto\u00df des Kunden gegen diese Verpflichtung kann Zimplee die Nutzung des Dienstes durch den Kunden aussetzen.<\/p><p>1.4.3. Alle von Zimplee angebotenen Pakete sind ausschlie\u00dflich f\u00fcr die Nutzung durch menschliche Kunden bestimmt. Diese Pakete d\u00fcrfen nicht in automatisierten Systemen verwendet werden. Sollte die Nutzung in automatisierten Systemen oder durch nicht-menschliche Einheiten gew\u00fcnscht sein, muss der Kunde den Kundensupport kontaktieren und spezielle Pakete anfordern. Jeder Versto\u00df gegen diese Nutzungsbeschr\u00e4nkung kann zur K\u00fcndigung des Vertrages f\u00fchren.<\/p><p><b>1.5. Richtlinien und Leitlinien f\u00fcr R\u00fcckerstattungen und Stornierungen<\/b><\/p><p>1.5.1. R\u00fcckerstattungen sind f\u00fcr Kunden jederzeit m\u00f6glich. Die meisten Probleme k\u00f6nnen per E-Mail gel\u00f6st werden.<\/p><p>1.5.2. Nach Bearbeitung der R\u00fcckerstattung kann es 5\u201310 Werktage dauern, bis die R\u00fcckerstattung auf der Kreditkartenabrechnung des Kunden erscheint (bei Zahlung per Kreditkarte). Bei PayPal dauert es einige Minuten, bis die R\u00fcckerstattung erfolgt. R\u00fcckerstattungen werden an dieselbe Zahlungsmethode (Kreditkarte oder PayPal) ausgezahlt, die f\u00fcr den Kauf verwendet wurde.<\/p><p>1.5.3. F\u00fcr alle R\u00fcckerstattungen (au\u00dfer Kryptozahlungen) f\u00e4llt eine Geb\u00fchr von 10% an, da Kreditkarten- und andere Zahlungssystemgeb\u00fchren sowie Verarbeitungsressourcen anfallen, die erforderlich sind, um ein Produkt bereitzustellen, es dann zu stornieren und eine R\u00fcckerstattung auszustellen.<\/p><p>1.5.4. Zimplee kann Daten in einer Menge anbieten, die dem Betrag entspricht, den der Kunde f\u00fcr versehentliche K\u00e4ufe bezahlt hat.<\/p><p>1.5.5. Nachf\u00fcllungen sind nicht erstattungsf\u00e4hig.<\/p><p>1.5.6. Zimplee beh\u00e4lt sich das Recht vor, die Dienste jederzeit zu beenden. In solchen F\u00e4llen erfolgt keine R\u00fcckerstattung.<\/p><p>1.5.7. Kryptozahlungen sind nicht erstattungsf\u00e4hig.<\/p><p>1.5.8. Unterst\u00fctzte Netzwerke f\u00fcr Kryptozahlungen: Ethereum, Tron, BNB Smart Chain, Avalanche C-Chain, Solana, Polygon, Arbitrum One.<\/p><p>1.5.9. Unterst\u00fctzte Kryptow\u00e4hrungen: \u201eUSDT (TRC20)\u201c, \u201eBTC\u201c, \u201eDAI\u201c, \u201eAXS (ERC20)\u201c, \u201eDASH\u201c, \u201eDOGE\u201c, \u201eETH\u201c, \u201eLTC\u201c, \u201eTUSD (ERC20)\u201c, \u201eUSDC (ERC20)\u201c, \u201eUSDT (ERC20)\u201c, \u201eXRP\u201c, \u201eTRX\u201c, \u201eAXS (TRC20)\u201c, \u201eHT (TRC20)\u201c, \u201eETH (TRC20)\u201c, \u201eETH (BEP20)\u201c, \u201eDAI (BEP20)\u201c, \u201eUSDT (BEP20)\u201c, \u201eDESU (BEP20)\u201c, \u201eADA (BEP20)\u201c, \u201eUSDC (BEP20)\u201c, \u201eBTCB (BEP20)\u201c, \u201eCSC\u201c. Bitte beachten Sie, dass f\u00fcr jede Kryptow\u00e4hrung ein Mindestlimit f\u00fcr die Zahlung gilt.<\/p><p><b>2. PARTNERPROGRAMM<\/b><\/p><p>2.1. Durch die Teilnahme am Zimplee-Partnerprogramm empfiehlt der Partner seinen Benutzern Zimplee-Produkte \u00fcber seinen einzigartigen Partnerlink.<\/p><p>2.2. Der eindeutige Affiliate-Link muss verwendet werden, um Verk\u00e4ufe zu verfolgen und Provisionen entsprechend zuzuweisen.<\/p><p>2.3. Der Affiliate-Partner erh\u00e4lt eine Provision aus dem Nettoumsatz, der durch Eink\u00e4ufe \u00fcber seinen Affiliate-Link generiert wird. Partner m\u00fcssen mindestens 25 USD an Provisionen angesammelt haben, bevor eine Auszahlung erfolgt. Liegt der Provisionssaldo unter 25 USD, wird der Betrag auf den Folgemonat \u00fcbertragen.<\/p><p>2.4. Provisionen werden in der ersten Woche jedes Monats per Bank\u00fcberweisung, Krypto-Wallet, Kreditkartenlink oder Paypal ausgezahlt.<\/p><p>2.5. Benutzer, die eSIM-Produkte kaufen oder ihre eSIM-Produkte aufladen, erhalten beim Bezahlvorgang einen Rabatt.<\/p><p>2.6. Zimplee beh\u00e4lt sich das Recht vor, die Bedingungen des Partnerprogramms jederzeit zu \u00e4ndern. Solche \u00c4nderungen werden dem Partner mindestens f\u00fcnf Tage vor ihrer Umsetzung schriftlich mitgeteilt.<\/p><p>2.7. Zimplee beh\u00e4lt sich das Recht vor, die Teilnahme des Affiliate-Partners am Affiliate-Programm unter den folgenden Bedingungen zu beenden:<br \/>\u2013 Wenn der Affiliate-Partner gegen eine Bestimmung dieser Vereinbarung verst\u00f6\u00dft.<br \/>\u2013 Wenn der Affiliate-Partner Aktivit\u00e4ten ausf\u00fchrt, die der Marke oder dem Gesch\u00e4ft von Zimplee schaden.<\/p><p>2.8. Um am Zimplee-Partnerprogramm teilzunehmen, muss der Partner die Einladung zur Teilnahme \u00fcber das Partnerportal annehmen.<\/p><p>2.9. Der Affiliate-Partner erh\u00e4lt von Zimplee eine E-Mail-Benachrichtigung, wenn der erste Produktkauf \u00fcber seinen Affiliate-Link erfolgt.<\/p><p>2.10. Der Affiliate-Partner kann seine Provisionen jederzeit mithilfe der von Zimplee bereitgestellten Online-Tagesberichte verfolgen.<\/p><p>2.11. Zimplee bietet dem Affiliate-Partner Zugriff auf eine API zur Nutzung.<\/p><p>2.12. Der Affiliate-Partner verpflichtet sich, die bereitgestellten Tools und Ressourcen gem\u00e4\u00df den Richtlinien und Richtlinien von Zimplee zu nutzen. Missbrauch oder unbefugte Nutzung der Affiliate-Toolbar, der Berichte oder der API kann zur K\u00fcndigung des Affiliate-Vertrags f\u00fchren.<\/p><p>2.13. Zimplee stellt den erforderlichen technischen Support und die erforderliche Hilfe bereit, um dem Affiliate-Partner zu helfen, die Affiliate-Symbolleiste effektiv zu nutzen, auf Berichte zuzugreifen und die API zu integrieren.<\/p><p><b>3. Empfehlungsprogramm<\/b><\/p><p>3.1. Durch die Teilnahme am Zimplee-Empfehlungsprogramm kann der Partner (nachfolgend \u201eBef\u00fcrworter\u201c genannt) kostenlose Daten f\u00fcr jede Person sammeln, die ihr erstes Zimplee-Produkt \u00fcber den einzigartigen Empfehlungslink des Bef\u00fcrworters kauft.<\/p><p>3.2. Der Advocate muss seinen individuellen Empfehlungslink erstellen und per E-Mail, \u00fcber soziale Medien, Foren oder andere Kan\u00e4le teilen. Der Empfehlungslink muss vom geworbenen Freund zum Kauf verwendet werden.<br \/>eSIM.<\/p><p>3.3. Belohnungen f\u00fcr F\u00fcrsprecher:<br \/>a. Coupon f\u00fcr kostenlose Daten: Der Anwalt erh\u00e4lt einen Coupon f\u00fcr 3 GB kostenlose Daten, lebenslang g\u00fcltig* und anwendbar auf seine eSIM-Leitung.<br \/>b. Bedingungen: Die 3 GB Datenpr\u00e4mie werden bereitgestellt, wenn ein geworbener Freund den Empfehlungslink zum Kauf einer eSIM** verwendet.<br \/>c. G\u00fcltigkeit des Coupons: Der Datencoupon ist lebenslang g\u00fcltig, sofern die eSIM mindestens einmal pro Jahr aufgeladen wird.<\/p><p>3.4. Belohnungen f\u00fcr geworbene Freunde:<br \/>a. Datencoupon: Der geworbene Freund erh\u00e4lt einen Coupon f\u00fcr 3 GB kostenloses Datenvolumen f\u00fcr seine eSIM.<br \/>b. Gutscheinbeschr\u00e4nkungen: Der Empfehlungsgutschein ist nicht mit anderen Gutscheinen oder Rabatten kombinierbar. Pro Einkauf kann nur ein Gutschein (Empfehlungs- oder Aktivierungsgutschein) eingel\u00f6st werden.<\/p><p>3.5. Bedingungen f\u00fcr die Empfehlungspr\u00e4mie:<br \/>a. Mindestabnahme: Der geworbene Freund muss \u00fcber den Empfehlungslink eine neue Leitung mit mindestens 1 GB Datenvolumen erwerben.<br \/>b. Pr\u00e4mienausgabe: Die Pr\u00e4mie wird innerhalb von 6 Stunden nach einem erfolgreichen Kauf erstellt und innerhalb von 7 Tagen per E-Mail versendet. Der Advocate sollte seinen Posteingang mit dem Schl\u00fcsselwort \u201eZimplee\u201c \u00fcberpr\u00fcfen, wenn<br \/>Sie erhalten die Benachrichtigungs-E-Mail nicht.<\/p><p>3.6. Bei Problemen oder f\u00fcr weitere Unterst\u00fctzung k\u00f6nnen sich der F\u00fcrsprecher und der empfohlene Freund an den Zimplee-Support wenden.<\/p><p>3.7. Der F\u00fcrsprecher verpflichtet sich, die Bedingungen des Zimplee-Empfehlungsprogramms einzuhalten. Missbrauch oder Verletzung dieser Bedingungen k\u00f6nnen zum Ausschluss vom Programm und zum Verlust der Pr\u00e4mien f\u00fchren.<\/p><p>3.8. Zimplee beh\u00e4lt sich das Recht vor, die Bedingungen des Empfehlungsprogramms jederzeit zu \u00e4ndern. Solche \u00c4nderungen werden dem Werber mindestens 5 Tage vor ihrer Umsetzung schriftlich mitgeteilt.<\/p><p><b>4. HAFTUNGSAUSSCHLUSS<\/b><\/p><p>4.1. Die Materialien auf der Zimplee-Website werden \u201ewie besehen\u201c bereitgestellt. Zimplee \u00fcbernimmt keine ausdr\u00fccklichen oder stillschweigenden Garantien und schlie\u00dft hiermit alle anderen Garantien aus, einschlie\u00dflich, aber nicht beschr\u00e4nkt auf stillschweigende Garantien oder Gew\u00e4hrleistungen hinsichtlich der Marktg\u00e4ngigkeit, der Eignung f\u00fcr einen bestimmten Zweck oder der Nichtverletzung von geistigem Eigentum oder anderer Rechtsverletzungen. Dar\u00fcber hinaus \u00fcbernimmt Zimplee keine Garantien oder Zusicherungen hinsichtlich der Genauigkeit, der wahrscheinlichen Ergebnisse oder der Zuverl\u00e4ssigkeit der Nutzung der Materialien auf seiner Website oder in sonstiger Weise in Bezug auf diese Materialien oder auf mit dieser Website verlinkten Websites.<\/p><p>4.2. Die Netzbetreiber in den L\u00e4ndern k\u00f6nnen von Zimplee ohne Vorank\u00fcndigung ge\u00e4ndert werden.<\/p><p><b>5. EINSCHR\u00c4NKUNGEN<\/b><\/p><p>5.1. Zimplee oder seine Lieferanten haften in keinem Fall f\u00fcr Sch\u00e4den (einschlie\u00dflich, aber nicht beschr\u00e4nkt auf Sch\u00e4den durch Datenverlust oder entgangenen Gewinn oder aufgrund von Gesch\u00e4ftsunterbrechungen), die aus der Nutzung oder der Unm\u00f6glichkeit der Nutzung der Materialien auf der Zimplee-Internetseite entstehen, selbst wenn Zimplee m\u00fcndlich oder schriftlich auf die M\u00f6glichkeit solcher Sch\u00e4den hingewiesen wurde.<\/p><p><b>6. \u00dcBERARBEITUNGEN UND FEHLER<\/b><\/p><p>6.1. Die auf der Zimplee-Website angezeigten Materialien k\u00f6nnen technische, typografische oder fotografische Fehler enthalten. Zimplee \u00fcbernimmt keine Gew\u00e4hr f\u00fcr die Richtigkeit, Vollst\u00e4ndigkeit und Aktualit\u00e4t der auf seiner Website bereitgestellten Materialien. Zimplee kann die auf seiner Website enthaltenen Materialien jederzeit und ohne Vorank\u00fcndigung \u00e4ndern. Zimplee verpflichtet sich jedoch nicht zur Aktualisierung der Materialien.<\/p><p><b>7. LINKS<\/b><\/p><p>7.1. Zimplee hat nicht alle mit seiner Website verlinkten Seiten \u00fcberpr\u00fcft und ist nicht f\u00fcr deren Inhalt verantwortlich. Die Bereitstellung eines Links bedeutet nicht, dass Zimplee die Seite unterst\u00fctzt. Die Nutzung verlinkter Websites erfolgt auf eigene Gefahr des Nutzers.<\/p><p><b>8. ANWENDBARES RECHT UND GERICHTSSTAND<\/b><\/p><p>8.1. Diese Bedingungen unterliegen dem Recht des US-Bundesstaates Delaware. Sollten die Parteien Streitigkeiten nicht g\u00fctlich durch Verhandlungen beilegen k\u00f6nnen, werden diese durch ein Schiedsverfahren im US-Bundesstaat Delaware gem\u00e4\u00df der Schiedsgerichtsordnung des Schiedsinstituts der Stockholmer Handelskammer endg\u00fcltig beigelegt.<\/p><p><b>9. \u00c4NDERUNGEN DER NUTZUNGSBEDINGUNGEN DER WEBSITE<\/b><\/p><p>9.1. Zimplee kann diese Nutzungsbedingungen f\u00fcr seine Website jederzeit und ohne Vorank\u00fcndigung \u00e4ndern. Durch die Nutzung dieser Website erkl\u00e4ren Sie sich mit der jeweils aktuellen Version dieser Nutzungsbedingungen einverstanden.<\/p><p>Letzte Aktualisierung: 01.01.2025<\/p>\t\t\t\t\t\t\t\t<\/div>\n\t\t\t\t<\/div>\n\t\t\t\t\t<\/div>\n\t\t\t\t<\/div>\n\t\t\t\t<\/div>","protected":false},"excerpt":{"rendered":"<p>Terms and conditions 1. VALIDITY OF GENERAL TERMS AND CONDITIONS 1.1. Terms 1.1.1. The Zimplee website is managed and operated by zimplee.com, with connectivity services being supplied by the same entity. 1.1.2. These terms and conditions, as may be amended from time to time, shall apply to all services rendered by Zimplee in connection with [&hellip;]<\/p>","protected":false},"author":1,"featured_media":0,"parent":0,"menu_order":0,"comment_status":"closed","ping_status":"closed","template":"","meta":{"om_disable_all_campaigns":false,"_monsterinsights_skip_tracking":false,"_monsterinsights_sitenote_active":false,"_monsterinsights_sitenote_note":"","_monsterinsights_sitenote_category":0,"footnotes":""},"class_list":["post-84","page","type-page","status-publish","hentry"],"aioseo_notices":[],"_links":{"self":[{"href":"https:\/\/zimplee.com\/de\/wp-json\/wp\/v2\/pages\/84","targetHints":{"allow":["GET"]}}],"collection":[{"href":"https:\/\/zimplee.com\/de\/wp-json\/wp\/v2\/pages"}],"about":[{"href":"https:\/\/zimplee.com\/de\/wp-json\/wp\/v2\/types\/page"}],"author":[{"embeddable":true,"href":"https:\/\/zimplee.com\/de\/wp-json\/wp\/v2\/users\/1"}],"replies":[{"embeddable":true,"href":"https:\/\/zimplee.com\/de\/wp-json\/wp\/v2\/comments?post=84"}],"version-history":[{"count":26,"href":"https:\/\/zimplee.com\/de\/wp-json\/wp\/v2\/pages\/84\/revisions"}],"predecessor-version":[{"id":875,"href":"https:\/\/zimplee.com\/de\/wp-json\/wp\/v2\/pages\/84\/revisions\/875"}],"wp:attachment":[{"href":"https:\/\/zimplee.com\/de\/wp-json\/wp\/v2\/media?parent=84"}],"curies":[{"name":"wp","href":"https:\/\/api.w.org\/{rel}","templated":true}]}}