{"id":84,"date":"2025-03-18T12:29:45","date_gmt":"2025-03-18T12:29:45","guid":{"rendered":"https:\/\/elementor.test-wp.keepgo.com\/index.php\/terms-and-conditions\/"},"modified":"2025-07-08T11:56:41","modified_gmt":"2025-07-08T11:56:41","slug":"terms-and-conditions","status":"publish","type":"page","link":"https:\/\/zimplee.com\/az\/terms-and-conditions\/","title":{"rendered":"Qaydalar v\u0259 \u015e\u0259rtl\u0259r"},"content":{"rendered":"<div data-elementor-type=\"wp-page\" data-elementor-id=\"84\" class=\"elementor elementor-84\" data-elementor-post-type=\"page\">\n\t\t\t\t<div class=\"elementor-element elementor-element-2374a4ad e-flex e-con-boxed e-con e-parent\" data-id=\"2374a4ad\" data-element_type=\"container\">\n\t\t\t\t\t<div class=\"e-con-inner\">\n\t\t\t\t<div class=\"elementor-element elementor-element-191ac5b6 elementor-widget elementor-widget-heading\" data-id=\"191ac5b6\" data-element_type=\"widget\" data-widget_type=\"heading.default\">\n\t\t\t\t<div class=\"elementor-widget-container\">\n\t\t\t\t\t<h2 class=\"elementor-heading-title elementor-size-default\">Qaydalar v\u0259 \u015f\u0259rtl\u0259r<\/h2>\t\t\t\t<\/div>\n\t\t\t\t<\/div>\n\t\t\t\t<div class=\"elementor-element elementor-element-76f76635 elementor-widget elementor-widget-text-editor\" data-id=\"76f76635\" data-element_type=\"widget\" data-widget_type=\"text-editor.default\">\n\t\t\t\t<div class=\"elementor-widget-container\">\n\t\t\t\t\t\t\t\t\t<p><b>1. \u00dcMUM\u0130 \u015e\u018fRT V\u018f \u015e\u018fRTL\u018fR\u0130N Q\u00dcVV\u018fT\u0130<\/b><\/p><p><b>1.1. \u015e\u0259rtl\u0259r<\/b><\/p><p>1.1.1. Zimplee veb-sayt\u0131 zimplee.com t\u0259r\u0259find\u0259n idar\u0259 olunur v\u0259 idar\u0259 olunur, qo\u015fulma xidm\u0259tl\u0259ri eyni qurum t\u0259r\u0259find\u0259n t\u0259min edilir.<\/p><p>1.1.2. Vaxta\u015f\u0131r\u0131 d\u0259yi\u015fdiril\u0259 bil\u0259n bu m\u00fcdd\u0259alar v\u0259 \u015f\u0259rtl\u0259r, M\u00fc\u015ft\u0259ril\u0259r\u0259 \u0259vv\u0259lc\u0259d\u0259n \u00f6d\u0259nilmi\u015f eSIM profill\u0259rinin t\u0259min edilm\u0259si il\u0259 \u0259laq\u0259dar olaraq Zimplee t\u0259r\u0259find\u0259n g\u00f6st\u0259ril\u0259n b\u00fct\u00fcn xidm\u0259tl\u0259r\u0259 \u015famil edilir.<br \/>\u0130st\u0259nil\u0259n platformada (bundan sonra birlikd\u0259 \u201cveb sayt\u201d adland\u0131r\u0131lacaq) vebsayt\u0131m\u0131za v\u0259 ya t\u0259tbiql\u0259rimizd\u0259n h\u0259r hans\u0131 birin\u0259 daxil olmaq, g\u00f6zd\u0259n ke\u00e7irm\u0259k v\u0259 istifad\u0259 etm\u0259kl\u0259 v\u0259\/yaxud sifari\u015fi tamamlamaqla siz a\u015fa\u011f\u0131da g\u00f6st\u0259ril\u0259n \u015f\u0259rtl\u0259ri v\u0259 m\u0259xfilik b\u0259yanat\u0131n\u0131 oxudu\u011funuzu, ba\u015fa d\u00fc\u015fd\u00fcy\u00fcn\u00fcz\u00fc v\u0259 raz\u0131la\u015fd\u0131\u011f\u0131n\u0131z\u0131 q\u0259bul edirsiniz.<\/p><p>1.1.3. M\u00fcxt\u0259lif biznes t\u0259r\u0259fda\u015flar\u0131 vasit\u0259sil\u0259 x\u00fcsusi t\u0259klifl\u0259r \u0259lav\u0259 v\u0259 ya m\u00fcxt\u0259lif \u015f\u0259rtl\u0259ri \u00f6z\u00fcnd\u0259 birl\u0259\u015fdir\u0259 bil\u0259r. Bel\u0259 \u015f\u0259raitd\u0259 h\u0259min x\u00fcsusi m\u00fcdd\u0259alar v\u0259 \u015f\u0259rtl\u0259r \u00fcst\u00fcnl\u00fck t\u0259\u015fkil ed\u0259c\u0259k.<\/p><p><b>1.2. Qeydiyyat v\u0259 Hesablar<\/b><\/p><p>1.2.1. Sifari\u015f\u00e7id\u0259n Zimplee xidm\u0259tl\u0259rind\u0259n istifad\u0259 etm\u0259k \u00fc\u00e7\u00fcn hesab yaratmas\u0131 t\u0259l\u0259b oluna bil\u0259r. Sifari\u015f\u00e7i qeydiyyat zaman\u0131 d\u0259qiq m\u0259lumat verm\u0259y\u0259 raz\u0131d\u0131r.<\/p><p>1.2.2. M\u00fc\u015ft\u0259ril\u0259r hesab m\u0259lumatlar\u0131n\u0131n m\u0259xfiliyin\u0259 v\u0259 onlar\u0131n hesab\u0131 alt\u0131nda ba\u015f ver\u0259n b\u00fct\u00fcn f\u0259aliyy\u0259tl\u0259r\u0259 g\u00f6r\u0259 m\u0259suliyy\u0259t da\u015f\u0131y\u0131rlar.<\/p><p><b>1.3. M\u0259xfilik<\/b><\/p><p>1.3.1. M\u0259xfilik Siyas\u0259timiz M\u00fc\u015ft\u0259rinin \u015f\u0259xsi m\u0259lumatlar\u0131n\u0131n toplanmas\u0131 v\u0259 istifad\u0259sini t\u0259nziml\u0259yir. Xidm\u0259tl\u0259rimizd\u0259n istifad\u0259 etm\u0259kl\u0259 M\u00fc\u015ft\u0259ri M\u0259xfilik Siyas\u0259timizl\u0259 raz\u0131la\u015f\u0131r.<\/p><p><b>1.4. Xitam v\u0259 dayand\u0131rma<\/b><\/p><p>1.4.1. Zimplee, \u015f\u0259b\u0259k\u0259nin da\u011f\u0131lmas\u0131 v\u0259 ya texniki xidm\u0259tin dayand\u0131r\u0131lmas\u0131 n\u0259tic\u0259sind\u0259 yaranan hadis\u0259nin ba\u015f verm\u0259si s\u0259b\u0259bind\u0259n ist\u0259nil\u0259n vaxt x\u0259b\u0259rdarl\u0131q etm\u0259d\u0259n xidm\u0259tl\u0259r\u0259 giri\u015fi dayand\u0131rmaq v\u0259 ya dayand\u0131rmaq h\u00fcququnu \u00f6z\u00fcnd\u0259 saxlay\u0131r.<\/p><p>1.4.2. Zimplee t\u0259r\u0259find\u0259n t\u0259qdim edil\u0259n Xidm\u0259tl\u0259rd\u0259n istifad\u0259 ed\u0259rk\u0259n M\u00fc\u015ft\u0259ri h\u0259r hans\u0131 bir sui-istifad\u0259, qanunsuz v\u0259 ya saxtakar h\u0259r\u0259k\u0259tl\u0259r\u0259 yol verm\u0259m\u0259li v\u0259 ya \u015e\u0259b\u0259k\u0259y\u0259 x\u0259l\u0259l g\u0259tir\u0259 v\u0259 ya z\u0259d\u0259l\u0259y\u0259 bil\u0259c\u0259k h\u0259r hans\u0131 h\u0259r\u0259k\u0259tl\u0259ri etm\u0259m\u0259lidir. M\u00fc\u015ft\u0259ri bu \u00f6hd\u0259liyi pozduqda, Zimplee M\u00fc\u015ft\u0259rinin Xidm\u0259td\u0259n istifad\u0259sini dayand\u0131ra bil\u0259r.<\/p><p>1.4.3. Zimplee t\u0259r\u0259find\u0259n t\u0259klif olunan b\u00fct\u00fcn paketl\u0259r yaln\u0131z insan M\u00fc\u015ft\u0259ril\u0259r t\u0259r\u0259find\u0259n istifad\u0259 \u00fc\u00e7\u00fcn n\u0259z\u0259rd\u0259 tutulub. Bu paketl\u0259r he\u00e7 bir avtomatla\u015fd\u0131r\u0131lm\u0131\u015f sistem daxilind\u0259 istifad\u0259 edilm\u0259m\u0259lidir. Avtomatla\u015fd\u0131r\u0131lm\u0131\u015f sisteml\u0259r daxilind\u0259 v\u0259 ya qeyri-insani qurumlar t\u0259r\u0259find\u0259n istifad\u0259 t\u0259l\u0259b olundu\u011fu hallarda, M\u00fc\u015ft\u0259ri M\u00fc\u015ft\u0259ri D\u0259st\u0259yi il\u0259 \u0259laq\u0259 saxlamal\u0131 v\u0259 x\u00fcsusi paketl\u0259r t\u0259l\u0259b etm\u0259lidir. Bu istifad\u0259 m\u0259hdudiyy\u0259tinin h\u0259r hans\u0131 pozulmas\u0131 m\u00fcqavil\u0259nin l\u0259\u011fvin\u0259 s\u0259b\u0259b ola bil\u0259r.<\/p><p><b>1.5. Geri \u00f6d\u0259m\u0259 v\u0259 L\u0259\u011fv siyas\u0259tl\u0259ri v\u0259 t\u0259limatlar\u0131<\/b><\/p><p>1.5.1. M\u00fc\u015ft\u0259ril\u0259r \u00fc\u00e7\u00fcn pullar\u0131n geri qaytar\u0131lmas\u0131 ist\u0259nil\u0259n vaxt m\u00fcmk\u00fcnd\u00fcr. Probleml\u0259rin \u00e7oxu e-po\u00e7t vasit\u0259sil\u0259 h\u0259ll edil\u0259 bil\u0259r.<\/p><p>1.5.2. Geri qaytarma emal edildikd\u0259n sonra geri qaytar\u0131lman\u0131n M\u00fc\u015ft\u0259rinin \u00f6d\u0259ni\u015f kart\u0131ndan \u00e7\u0131xar\u0131\u015fda g\u00f6r\u00fcnm\u0259si 5-10 i\u015f g\u00fcn\u00fc \u00e7\u0259k\u0259 bil\u0259r (\u0259g\u0259r \u00f6d\u0259ni\u015f kredit kart\u0131 il\u0259 edilibs\u0259). PayPal vasit\u0259sil\u0259, geri qaytar\u0131ld\u0131qdan sonra bir ne\u00e7\u0259 d\u0259qiq\u0259 \u00e7\u0259kir. Geri \u00f6d\u0259ni\u015fl\u0259r al\u0131\u015f-veri\u015f etm\u0259k \u00fc\u00e7\u00fcn istifad\u0259 edil\u0259n eyni \u00f6d\u0259ni\u015f \u00fcsuluna (y\u0259ni kredit kart\u0131 v\u0259 ya PayPal) verilir.<\/p><p>1.5.3. B\u00fct\u00fcn geri \u00f6d\u0259ni\u015fl\u0259r (kripto \u00f6d\u0259ni\u015fl\u0259r istisna olmaqla) kredit kart\u0131 v\u0259 dig\u0259r \u00f6d\u0259ni\u015f sistemi x\u0259rcl\u0259ri v\u0259 m\u0259hsulu t\u0259min etm\u0259k v\u0259 sonra onu l\u0259\u011fv etm\u0259k v\u0259 geri qaytarmaq \u00fc\u00e7\u00fcn t\u0259l\u0259b olunan emal resurslar\u0131na g\u00f6r\u0259 10% haqq\u0131na tabedir.<\/p><p>1.5.4. Zimplee h\u0259r hans\u0131 t\u0259sad\u00fcfi al\u0131\u015flar \u00fc\u00e7\u00fcn M\u00fc\u015ft\u0259rinin \u00f6d\u0259diyi m\u0259bl\u0259\u011f\u0259 b\u0259rab\u0259r m\u0259lumat t\u0259klif ed\u0259 bil\u0259r.<\/p><p>1.5.5. Doldurmalar geri qaytar\u0131lm\u0131r.<\/p><p>1.5.6. Zimplee ist\u0259nil\u0259n vaxt xidm\u0259tl\u0259ri dayand\u0131rmaq h\u00fcququnu \u00f6z\u00fcnd\u0259 saxlay\u0131r. Bel\u0259 hallarda he\u00e7 bir geri \u00f6d\u0259ni\u015f t\u0259min edilm\u0259y\u0259c\u0259k.<\/p><p>1.5.7. Kripto \u00f6d\u0259ni\u015fl\u0259ri geri qaytar\u0131lm\u0131r.<\/p><p>1.5.8. Kripto \u00f6d\u0259ni\u015fl\u0259ri \u00fc\u00e7\u00fcn d\u0259st\u0259kl\u0259n\u0259n \u015f\u0259b\u0259k\u0259l\u0259r: Ethereum, Tron, BNB Smart Chain, Avalanche C-Chain, Solana, Polygon, Arbitrum One.<\/p><p>1.5.9. D\u0259st\u0259kl\u0259n\u0259n kriptovalyutalar: &#039;USDT (TRC20)&#039;, &#039;BTC&#039;, &#039;DAI&#039;, &#039;AXS (ERC20)&#039;, &#039;DASH&#039;, &#039;DOGE&#039;, &#039;ETH&#039;, &#039;LTC&#039;, &#039;TUSD (ERC20)&#039;, &#039;USDC (ERC20)&#039;,&#039;XTRERC&#039;,&#039;XTRERC&#039;,&#039;) &#039;AXS (TRC20)&#039;, &#039;HT (TRC20)&#039;, &#039;ETH (TRC20)&#039;, &#039;ETH (BEP20)&#039;, &#039;DAI (BEP20)&#039;, &#039;USDT (BEP20)&#039;, &#039;DESU (BEP20)&#039;, &#039;ADA (BEP20)&#039;, &#039;ADA (BEP20)&#039;,TCB&#039;B&#039;) (BEP20)&#039;, &#039;CSC&#039;. N\u0259z\u0259r\u0259 al\u0131n ki, h\u0259r kriptovalyuta \u00fc\u00e7\u00fcn \u00f6d\u0259ni\u015f \u00fc\u00e7\u00fcn minimum limit var.<\/p><p><b>2. F\u0130L\u0130AT PROQRAMI<\/b><\/p><p>2.1. Zimplee Affiliate Proqram\u0131na qo\u015fulmaqla, Affiliate Partner \u00f6z istifad\u0259\u00e7il\u0259rin\u0259 unikal filial linki vasit\u0259sil\u0259 Zimplee m\u0259hsullar\u0131n\u0131 t\u00f6vsiy\u0259 ed\u0259c\u0259k.<\/p><p>2.2. Unikal filial linki sat\u0131\u015flar\u0131 izl\u0259m\u0259k v\u0259 m\u00fcvafiq olaraq komissiyalar\u0131 ay\u0131rmaq \u00fc\u00e7\u00fcn istifad\u0259 edilm\u0259lidir.<\/p><p>2.3. Affiliate Partner \u00f6z filial linkind\u0259n istifad\u0259 ed\u0259r\u0259k sat\u0131nalmalar n\u0259tic\u0259sind\u0259 \u0259ld\u0259 edil\u0259n xalis g\u0259lird\u0259n komissiya qazanacaq. \u00d6d\u0259ni\u015f edilm\u0259zd\u0259n \u0259vv\u0259l t\u0259r\u0259fda\u015flar minimum 25 AB\u015e dollar\u0131 komissiya y\u0131\u011fmal\u0131d\u0131rlar. \u018fg\u0259r komissiya balans\u0131 25 AB\u015e dollar\u0131ndan a\u015fa\u011f\u0131 olarsa, m\u0259bl\u0259\u011f n\u00f6vb\u0259ti aya ke\u00e7\u0259c\u0259k.<\/p><p>2.4. Komissiyalar h\u0259r ay\u0131n ilk h\u0259ft\u0259sind\u0259 Bank k\u00f6\u00e7\u00fcrm\u0259si, Kripto Pul kis\u0259si, Kredit kart\u0131 ba\u011flant\u0131s\u0131 v\u0259 ya Paypal vasit\u0259sil\u0259 \u00f6d\u0259nilir.<\/p><p>2.5. eSIM m\u0259hsullar\u0131 alan v\u0259 ya eSIM m\u0259hsullar\u0131n\u0131 dolduran istifad\u0259\u00e7il\u0259r \u00f6d\u0259ni\u015f zaman\u0131 endirim \u0259ld\u0259 ed\u0259c\u0259kl\u0259r.<\/p><p>2.6. Zimplee ist\u0259nil\u0259n vaxt Affiliate Proqram\u0131n\u0131n \u015f\u0259rtl\u0259rini d\u0259yi\u015fdirm\u0259k h\u00fcququnu \u00f6z\u00fcnd\u0259 saxlay\u0131r. \u0130st\u0259nil\u0259n bu c\u00fcr d\u0259yi\u015fiklikl\u0259r onlar\u0131n h\u0259yata ke\u00e7irilm\u0259sind\u0259n \u0259n az\u0131 be\u015f g\u00fcn \u0259vv\u0259l Affiliate Partner\u0259 yaz\u0131l\u0131 \u015f\u0259kild\u0259 bildiril\u0259c\u0259kdir.<\/p><p>2.7. Zimplee a\u015fa\u011f\u0131dak\u0131 \u015f\u0259rtl\u0259r daxilind\u0259 Affiliate Partnerin Affiliate Programda i\u015ftirak\u0131na xitam verm\u0259k h\u00fcququnu \u00f6z\u00fcnd\u0259 saxlay\u0131r:<br \/>\u2013 Affiliate Partner bu M\u00fcqavil\u0259nin h\u0259r hans\u0131 \u015f\u0259rtini pozarsa.<br \/>\u2013 Affiliate Partner Zimplee markas\u0131na v\u0259 ya biznesin\u0259 z\u0259r\u0259rli olan h\u0259r hans\u0131 f\u0259aliyy\u0259tl\u0259 m\u0259\u015f\u011ful olarsa.<\/p><p>2.8. Zimplee Affiliate Proqram\u0131nda i\u015ftiraka ba\u015flamaq \u00fc\u00e7\u00fcn Affiliate Partner Affiliate Portal vasit\u0259sil\u0259 qo\u015fulmaq \u00fc\u00e7\u00fcn d\u0259v\u0259ti q\u0259bul etm\u0259lidir.<\/p><p>2.9. Affiliate Partner, filial linki vasit\u0259sil\u0259 ilk m\u0259hsul al\u0131\u015f\u0131 zaman\u0131 Zimplee-d\u0259n e-po\u00e7t bildiri\u015fi alacaq.<\/p><p>2.10. Affiliate Partner, Zimplee t\u0259r\u0259find\u0259n t\u0259qdim olunan onlayn g\u00fcnd\u0259lik hesabatlardan istifad\u0259 ed\u0259r\u0259k ist\u0259nil\u0259n vaxt komissiyalar\u0131n\u0131 izl\u0259y\u0259 bil\u0259r.<\/p><p>2.11. Zimplee Affiliate Partner \u00fc\u00e7\u00fcn API-y\u0259 giri\u015fi t\u0259min edir.<\/p><p>2.12. Affiliate Partner, Zimplee t\u0259limatlar\u0131na v\u0259 siyas\u0259tl\u0259rin\u0259 uy\u011fun olaraq t\u0259min edilmi\u015f al\u0259tl\u0259r v\u0259 resurslardan istifad\u0259 etm\u0259y\u0259 raz\u0131la\u015f\u0131r. Affiliate Toolbar, hesabatlar v\u0259 ya API-d\u0259n sui-istifad\u0259 v\u0259 ya icaz\u0259siz istifad\u0259 filial m\u00fcqavil\u0259sinin l\u0259\u011fvi il\u0259 n\u0259tic\u0259l\u0259n\u0259 bil\u0259r.<\/p><p>2.13. Zimplee, Affiliate Partner\u0259 Affiliate Toolbar-dan s\u0259m\u0259r\u0259li istifad\u0259 etm\u0259k, hesabatlara daxil olmaq v\u0259 API-y\u0259 inteqrasiya etm\u0259k \u00fc\u00e7\u00fcn laz\u0131mi texniki d\u0259st\u0259k v\u0259 yard\u0131m g\u00f6st\u0259r\u0259c\u0259k.<\/p><p><b>3. \u0130ST\u0130FAD\u018f PROQRAMI<\/b><\/p><p>3.1. Zimplee Referral Proqram\u0131nda i\u015ftirak etm\u0259kl\u0259, T\u0259r\u0259fda\u015f (bundan sonra \u201cV\u0259kil\u201d adland\u0131r\u0131lacaq) V\u0259kilin unikal istinad linkind\u0259n istifad\u0259 ed\u0259r\u0259k ilk Zimplee m\u0259hsulunu alan h\u0259r bir \u015f\u0259xs \u00fc\u00e7\u00fcn pulsuz m\u0259lumat \u0259ld\u0259 ed\u0259 bil\u0259r.<\/p><p>3.2. V\u0259kil e-po\u00e7t, sosial media, forumlar v\u0259 ya dig\u0259r kanallar vasit\u0259sil\u0259 \u00f6z\u00fcn\u0259m\u0259xsus istinad linkini yaratmal\u0131 v\u0259 payla\u015fmal\u0131d\u0131r. \u0130stiqam\u0259t linki sat\u0131n almaq \u00fc\u00e7\u00fcn istinad edil\u0259n dost t\u0259r\u0259find\u0259n istifad\u0259 edilm\u0259lidir<br \/>eSIM.<\/p><p>3.3. V\u0259kill\u0259r \u00fc\u00e7\u00fcn m\u00fckafatlar:<br \/>a. Pulsuz Data Kuponu: V\u0259kil \u00f6z eSIM x\u0259ttin\u0259 t\u0259tbiq olunan \u00f6m\u00fcr boyu etibarl\u0131 olan 3 GB pulsuz data \u00fc\u00e7\u00fcn kupon alacaq.<br \/>b. \u015e\u0259rtl\u0259r: 3 GB data m\u00fckafat\u0131, istinad edil\u0259n dost eSIM** almaq \u00fc\u00e7\u00fcn istinad linkind\u0259n istifad\u0259 etdikd\u0259 verilir.<br \/>c. Kuponun etibarl\u0131l\u0131\u011f\u0131: eSIM-in ild\u0259 \u0259n az\u0131 bir d\u0259f\u0259 doldurulmas\u0131 \u015f\u0259rti il\u0259 data kuponu \u00f6m\u00fcr boyu etibarl\u0131d\u0131r.<\/p><p>3.4. \u0130stinad edil\u0259n dostlar \u00fc\u00e7\u00fcn m\u00fckafatlar:<br \/>a. Data Kuponu: \u0130stinad edil\u0259n dost eSIM-i \u00fc\u00e7\u00fcn 3 GB pulsuz data \u00fc\u00e7\u00fcn kupon alacaq.<br \/>b. Kupon m\u0259hdudiyy\u0259tl\u0259ri: \u0130stiqam\u0259t kuponu h\u0259r hans\u0131 dig\u0259r kupon v\u0259 ya endiriml\u0259rl\u0259 birl\u0259\u015fdiril\u0259 bilm\u0259z. Sat\u0131nalmaya yaln\u0131z bir kupon (ist\u0259r y\u00f6nl\u0259ndirm\u0259 v\u0259 ya aktivl\u0259\u015fdirm\u0259) t\u0259tbiq oluna bil\u0259r.<\/p><p>3.5. Referral M\u00fckafat \u015f\u0259rtl\u0259ri:<br \/>a. Minimum Sat\u0131nalma: \u0130stinad edil\u0259n dost istinad linkind\u0259n istifad\u0259 ed\u0259r\u0259k \u0259n az\u0131 1 GB data il\u0259 yeni x\u0259tt almal\u0131d\u0131r.<br \/>b. M\u00fckafat\u0131n verilm\u0259si: M\u00fckafat u\u011furlu al\u0131\u015fdan sonra 6 saat \u0259rzind\u0259 yarad\u0131lacaq v\u0259 7 g\u00fcn \u0259rzind\u0259 e-po\u00e7t vasit\u0259sil\u0259 g\u00f6nd\u0259ril\u0259c\u0259k. V\u0259kil \u201cZimplee\u201d a\u00e7ar s\u00f6z\u00fcnd\u0259n istifad\u0259 ed\u0259r\u0259k g\u0259l\u0259nl\u0259r qutusunu yoxlamal\u0131d\u0131r<br \/>bildiri\u015f m\u0259ktubunu alm\u0131rlar.<\/p><p>3.6. H\u0259r hans\u0131 problem v\u0259 ya \u0259lav\u0259 yard\u0131m \u00fc\u00e7\u00fcn V\u0259kil v\u0259 istinad edil\u0259n dost Zimplee d\u0259st\u0259yi il\u0259 \u0259laq\u0259 saxlaya bil\u0259r.<\/p><p>3.7. V\u0259kil Zimplee Referral Proqram\u0131n\u0131n \u015f\u0259rtl\u0259rin\u0259 \u0259m\u0259l etm\u0259y\u0259 raz\u0131d\u0131r. Bu \u015f\u0259rtl\u0259rin sui-istifad\u0259si v\u0259 ya pozulmas\u0131 proqramdan diskvalifikasiya v\u0259 m\u00fckafatlar\u0131n m\u00fcsadir\u0259si il\u0259 n\u0259tic\u0259l\u0259n\u0259 bil\u0259r.<\/p><p>3.8. Zimplee ist\u0259nil\u0259n vaxt \u0130stiqam\u0259t Proqram\u0131n\u0131n \u015f\u0259rtl\u0259rini d\u0259yi\u015fdirm\u0259k h\u00fcququnu \u00f6z\u00fcnd\u0259 saxlay\u0131r. \u0130st\u0259nil\u0259n bu c\u00fcr d\u0259yi\u015fiklikl\u0259r onlar\u0131n h\u0259yata ke\u00e7irilm\u0259sind\u0259n \u0259n az\u0131 5 g\u00fcn \u0259vv\u0259l v\u0259killiy\u0259 yaz\u0131l\u0131 \u015f\u0259kild\u0259 bildiril\u0259c\u0259kdir.<\/p><p><b>4. M\u018fDD\u018fT<\/b><\/p><p>4.1. Zimplee sayt\u0131ndak\u0131 materiallar \u201coldu\u011fu kimi\u201d verilir. Zimplee a\u00e7\u0131q v\u0259 ya n\u0259z\u0259rd\u0259 tutulan he\u00e7 bir z\u0259man\u0259t vermir v\u0259 bununla da b\u00fct\u00fcn dig\u0259r z\u0259man\u0259tl\u0259rd\u0259n, o c\u00fcml\u0259d\u0259n m\u0259hdudiyy\u0259tsiz olaraq, n\u0259z\u0259rd\u0259 tutulan z\u0259man\u0259tl\u0259r v\u0259 ya sat\u0131la bilm\u0259 \u015f\u0259rtl\u0259ri, m\u00fc\u0259yy\u0259n m\u0259qs\u0259d \u00fc\u00e7\u00fcn uy\u011funluq v\u0259 ya \u0259qli m\u00fclkiyy\u0259tin pozulmamas\u0131 v\u0259 ya h\u00fcquqlar\u0131n dig\u0259r pozuntular\u0131 da daxil olmaqla, imtina edir v\u0259 r\u0259dd edir. Bundan \u0259lav\u0259, Zimplee \u00f6z veb-sayt\u0131nda v\u0259 ya bu c\u00fcr materiallarla v\u0259 ya bu saytla \u0259laq\u0259li h\u0259r hans\u0131 saytlarda materiallar\u0131n istifad\u0259sinin d\u00fczg\u00fcnl\u00fcy\u00fcn\u0259, ehtimal olunan n\u0259tic\u0259l\u0259rin\u0259 v\u0259 ya etibarl\u0131l\u0131\u011f\u0131na dair he\u00e7 bir z\u0259man\u0259t vermir v\u0259 ya he\u00e7 bir a\u00e7\u0131qlama vermir.<\/p><p>4.2. \u00d6lk\u0259l\u0259rd\u0259ki \u015f\u0259b\u0259k\u0259 operatorlar\u0131 Zimplee t\u0259r\u0259find\u0259n x\u0259b\u0259rdarl\u0131q edilm\u0259d\u0259n d\u0259yi\u015fdiril\u0259 bil\u0259r.<\/p><p><b>5. M\u018fHDUD\u0130YY\u018fTL\u018fR<\/b><\/p><p>5.1. He\u00e7 bir halda Zimplee v\u0259 ya onun t\u0259chizat\u00e7\u0131lar\u0131 Zimplee \u0130nternet sayt\u0131nda materiallar\u0131n istifad\u0259si v\u0259 ya istifad\u0259 ed\u0259 bilm\u0259m\u0259si n\u0259tic\u0259sind\u0259 yaranan h\u0259r hans\u0131 ziyana g\u00f6r\u0259 (o c\u00fcml\u0259d\u0259n, m\u0259hdudiyy\u0259tsiz olaraq m\u0259lumatlar\u0131n v\u0259 ya m\u0259nf\u0259\u0259tin itirilm\u0259si v\u0259 ya i\u015fin dayand\u0131r\u0131lmas\u0131 il\u0259 ba\u011fl\u0131) m\u0259suliyy\u0259t da\u015f\u0131m\u0131r, h\u0259tta Zimplee bel\u0259 z\u0259r\u0259rin m\u00fcmk\u00fcnl\u00fcy\u00fc bar\u0259d\u0259 \u015fifahi v\u0259 ya yaz\u0131l\u0131 \u015f\u0259kild\u0259 x\u0259b\u0259rdar edilmi\u015f olsa bel\u0259.<\/p><p><b>6. YEN\u0130L\u0130\u015eL\u018fR V\u018f S\u018fHVL\u018fR<\/b><\/p><p>6.1. Zimplee veb-sayt\u0131nda g\u00f6r\u00fcn\u0259n materiallara texniki, \u00e7ap v\u0259 ya fotoqrafik s\u0259hvl\u0259r daxil ola bil\u0259r. Zimplee \u00f6z sayt\u0131ndak\u0131 h\u0259r hans\u0131 material\u0131n d\u0259qiq, tam v\u0259 ya aktual oldu\u011funa z\u0259man\u0259t vermir. Zimplee ist\u0259nil\u0259n vaxt x\u0259b\u0259rdarl\u0131q etm\u0259d\u0259n \u00f6z sayt\u0131ndak\u0131 materiallara d\u0259yi\u015fiklik ed\u0259 bil\u0259r. Bununla bel\u0259, Zimplee materiallar\u0131 yenil\u0259m\u0259k \u00fc\u00e7\u00fcn he\u00e7 bir \u00f6hd\u0259lik g\u00f6t\u00fcrm\u00fcr.<\/p><p><b>7. L\u0130NKL\u018fR<\/b><\/p><p>7.1. Zimplee \u00f6z \u0130nternet veb-sayt\u0131 il\u0259 \u0259laq\u0259li b\u00fct\u00fcn saytlar\u0131 n\u0259z\u0259rd\u0259n ke\u00e7irm\u0259mi\u015fdir v\u0259 bu c\u00fcr \u0259laq\u0259l\u0259ndirilmi\u015f sayt\u0131n m\u0259zmununa g\u00f6r\u0259 m\u0259suliyy\u0259t da\u015f\u0131m\u0131r. H\u0259r hans\u0131 bir ke\u00e7idin daxil edilm\u0259si sayt\u0131n Zimplee t\u0259r\u0259find\u0259n t\u0259sdiql\u0259nm\u0259si dem\u0259k deyil. Bu c\u00fcr \u0259laq\u0259li veb-saytdan istifad\u0259 riski istifad\u0259\u00e7inin \u00f6z \u00fcz\u0259rin\u0259 d\u00fc\u015f\u00fcr.<\/p><p><b>8. T\u018fTB\u0130Q ED\u0130L\u018fN QANUN V\u018f Y\u00dcR\u0130D\u0130KS\u0130YA<\/b><\/p><p>8.1. Bu \u015e\u0259rtl\u0259r AB\u015e-\u0131n Delaver \u015ftat\u0131n\u0131n qanunlar\u0131na uy\u011fun olaraq \u015f\u0259rh edilm\u0259lidir. T\u0259r\u0259fl\u0259r m\u00fcbahis\u0259l\u0259ri dan\u0131\u015f\u0131qlar yolu il\u0259 s\u00fclh yolu il\u0259 h\u0259ll ed\u0259 bilm\u0259dikd\u0259, bu c\u00fcr m\u00fcbahis\u0259l\u0259r Stokholm Ticar\u0259t Palatas\u0131n\u0131n Arbitraj \u0130nstitutunun Arbitraj Qaydalar\u0131na riay\u0259t etm\u0259kl\u0259 AB\u015e-\u0131n Delaver \u015ftat\u0131nda arbitraj yolu il\u0259 q\u0259ti \u015f\u0259kild\u0259 h\u0259ll edil\u0259c\u0259kdir.<\/p><p><b>9. SAYTIN \u0130ST\u0130FAD\u018f \u015e\u018fRTL\u018fR\u0130ND\u018fN D\u018fY\u0130\u015e\u0130KL\u018fR<\/b><\/p><p>9.1. Zimplee ist\u0259nil\u0259n vaxt x\u0259b\u0259rdarl\u0131q etm\u0259d\u0259n \u00f6z vebsayt\u0131 \u00fc\u00e7\u00fcn bu istifad\u0259 \u015f\u0259rtl\u0259rin\u0259 yenid\u0259n baxa bil\u0259r. Bu vebsaytdan istifad\u0259 etm\u0259kl\u0259, siz bu \u0130stifad\u0259 \u015e\u0259rtl\u0259rinin o vaxtk\u0131 versiyas\u0131 il\u0259 ba\u011fl\u0131 olma\u011fa raz\u0131la\u015f\u0131rs\u0131n\u0131z.<\/p><p>Son Yenil\u0259nm\u0259: 01.01.2025<\/p>\t\t\t\t\t\t\t\t<\/div>\n\t\t\t\t<\/div>\n\t\t\t\t\t<\/div>\n\t\t\t\t<\/div>\n\t\t\t\t<\/div>","protected":false},"excerpt":{"rendered":"<p>Terms and conditions 1. VALIDITY OF GENERAL TERMS AND CONDITIONS 1.1. Terms 1.1.1. The Zimplee website is managed and operated by zimplee.com, with connectivity services being supplied by the same entity. 1.1.2. These terms and conditions, as may be amended from time to time, shall apply to all services rendered by Zimplee in connection with [&hellip;]<\/p>","protected":false},"author":1,"featured_media":0,"parent":0,"menu_order":0,"comment_status":"closed","ping_status":"closed","template":"","meta":{"om_disable_all_campaigns":false,"_monsterinsights_skip_tracking":false,"_monsterinsights_sitenote_active":false,"_monsterinsights_sitenote_note":"","_monsterinsights_sitenote_category":0,"footnotes":""},"class_list":["post-84","page","type-page","status-publish","hentry"],"aioseo_notices":[],"_links":{"self":[{"href":"https:\/\/zimplee.com\/az\/wp-json\/wp\/v2\/pages\/84","targetHints":{"allow":["GET"]}}],"collection":[{"href":"https:\/\/zimplee.com\/az\/wp-json\/wp\/v2\/pages"}],"about":[{"href":"https:\/\/zimplee.com\/az\/wp-json\/wp\/v2\/types\/page"}],"author":[{"embeddable":true,"href":"https:\/\/zimplee.com\/az\/wp-json\/wp\/v2\/users\/1"}],"replies":[{"embeddable":true,"href":"https:\/\/zimplee.com\/az\/wp-json\/wp\/v2\/comments?post=84"}],"version-history":[{"count":26,"href":"https:\/\/zimplee.com\/az\/wp-json\/wp\/v2\/pages\/84\/revisions"}],"predecessor-version":[{"id":875,"href":"https:\/\/zimplee.com\/az\/wp-json\/wp\/v2\/pages\/84\/revisions\/875"}],"wp:attachment":[{"href":"https:\/\/zimplee.com\/az\/wp-json\/wp\/v2\/media?parent=84"}],"curies":[{"name":"wp","href":"https:\/\/api.w.org\/{rel}","templated":true}]}}